{"id":807,"date":"2024-04-05T17:30:57","date_gmt":"2024-04-05T21:30:57","guid":{"rendered":"https:\/\/explorapuntacana.com\/?page_id=807"},"modified":"2024-07-17T11:08:30","modified_gmt":"2024-07-17T15:08:30","slug":"lujo-y-exclusividad","status":"publish","type":"page","link":"https:\/\/explorapuntacana.com\/en\/lujo-y-exclusividad\/","title":{"rendered":"Luxury and Exclusivity"},"content":{"rendered":"<div class=\"wp-block-stackable-posts stk-block-posts stk-block stk-9d9aab9 stk-block-background is-style-default stk--has-background-overlay\" data-v=\"2\" data-block-id=\"9d9aab9\"><style>.stk-9d9aab9{background-color:linear-gradient(-225deg,#E3FDF5 0%,#FFE6FA 100%) !important}.stk-9d9aab9:before{background-image:linear-gradient(-225deg,#E3FDF5 0%,#FFE6FA 100%) !important}.stk-9d9aab9 .stk-img-wrapper{width:100% !important}.stk-9d9aab9 .stk-block-posts__readmore{font-size:19px !important;margin-bottom:0px !important}.stk-9d9aab9 .stk-block-posts__category{margin-bottom:0px !important}@media screen and (max-width:999px){.stk-9d9aab9 .stk-block-posts__readmore{font-size:19px !important}}<\/style><div class=\"stk-inner-blocks stk-content-align stk-9d9aab9-column\"><div class=\"stk-block-posts__items\"><div class=\"stk-block-posts__item\"><div class=\"stk-container stk-9d9aab9-container stk--no-background stk--no-padding\"><article><h3 class=\"stk-block-posts__title\"><a href='https:\/\/explorapuntacana.com\/en\/hoteles-de-lujo-en-la-republica-dominicana\/'>Hoteles de Lujo en la Republica Dominicana: Joya Caribe\u00f1a<\/a><\/h3><a href=\"https:\/\/explorapuntacana.com\/en\/hoteles-de-lujo-en-la-republica-dominicana\/\" class=\"stk-block-posts__image-link\"><figure class=\"stk-img-wrapper stk-image--shape-stretch\"><img loading=\"lazy\" decoding=\"async\" width=\"1000\" height=\"526\" src=\"https:\/\/explorapuntacana.com\/wp-content\/uploads\/2024\/07\/Hoteles-de-lujo-en-la-Republica-Dominicana.jpg\" class=\"attachment-full size-full wp-post-image\" alt=\"Hoteles-de-lujo-en-la-Republica-Dominicana\" srcset=\"https:\/\/explorapuntacana.com\/wp-content\/uploads\/2024\/07\/Hoteles-de-lujo-en-la-Republica-Dominicana.jpg 1000w, https:\/\/explorapuntacana.com\/wp-content\/uploads\/2024\/07\/Hoteles-de-lujo-en-la-Republica-Dominicana-300x158.jpg 300w, https:\/\/explorapuntacana.com\/wp-content\/uploads\/2024\/07\/Hoteles-de-lujo-en-la-Republica-Dominicana-768x404.jpg 768w, https:\/\/explorapuntacana.com\/wp-content\/uploads\/2024\/07\/Hoteles-de-lujo-en-la-Republica-Dominicana-18x9.jpg 18w\" sizes=\"auto, (max-width: 1000px) 100vw, 1000px\" title=\"\"><\/figure><\/a><aside class=\"stk-block-posts__meta stk-subtitle\"><span>Maria<\/span><span class=\"stk-block-posts__meta-sep\">\u00b7<\/span><time datetime=\"2024-07-18T07:59:50-04:00\">2024-07-18<\/time><\/aside><div class=\"stk-block-posts__category stk-subtitle\"><a href=\"https:\/\/explorapuntacana.com\/en\/category\/lujo-y-exclusividad\/\" rel=\"category tag\">Luxury and Exclusivity<\/a>, <a href=\"https:\/\/explorapuntacana.com\/en\/category\/blog\/\" rel=\"category tag\">Blog<\/a>, <a href=\"https:\/\/explorapuntacana.com\/en\/category\/republica-dominicana\/\" rel=\"category tag\">Dominican Republic<\/a><\/div><div class=\"stk-block-posts__excerpt\">La Rep\u00fablica Dominicana se ha consolidado como un destino tur\u00edstico de primer nivel, destac\u00e1ndose por sus playas paradis\u00edacas, rica cultura y calidez humana. Doce de sus hoteles han sido reconocidos en la gu\u00eda AAA (de la Asociaci\u00f3n Americana de Automovilistas) por su excelencia. Entre ellos, Tortuga Bay de Puntacana ostenta la exclusiva clasificaci\u00f3n de cinco&#8230;<\/div><a class=\"stk-block-posts__readmore\" href=\"https:\/\/explorapuntacana.com\/en\/hoteles-de-lujo-en-la-republica-dominicana\/\">Continue Reading<\/a><\/article><\/div><\/div><div class=\"stk-block-posts__item\"><div class=\"stk-container stk-9d9aab9-container stk--no-background stk--no-padding\"><article><h3 class=\"stk-block-posts__title\"><a href='https:\/\/explorapuntacana.com\/en\/marina-cap-cana-para-los-amantes-del-mar\/'>Marina Cap Cana: For Sea and Fishing Enthusiasts<\/a><\/h3><a href=\"https:\/\/explorapuntacana.com\/en\/marina-cap-cana-para-los-amantes-del-mar\/\" class=\"stk-block-posts__image-link\"><figure class=\"stk-img-wrapper stk-image--shape-stretch\"><img loading=\"lazy\" decoding=\"async\" width=\"1000\" height=\"526\" src=\"https:\/\/explorapuntacana.com\/wp-content\/uploads\/2024\/07\/Marina-Cap-Cana-1.jpg\" class=\"attachment-full size-full wp-post-image\" alt=\"Marina Cap Cana\" srcset=\"https:\/\/explorapuntacana.com\/wp-content\/uploads\/2024\/07\/Marina-Cap-Cana-1.jpg 1000w, https:\/\/explorapuntacana.com\/wp-content\/uploads\/2024\/07\/Marina-Cap-Cana-1-300x158.jpg 300w, https:\/\/explorapuntacana.com\/wp-content\/uploads\/2024\/07\/Marina-Cap-Cana-1-768x404.jpg 768w, https:\/\/explorapuntacana.com\/wp-content\/uploads\/2024\/07\/Marina-Cap-Cana-1-18x9.jpg 18w\" sizes=\"auto, (max-width: 1000px) 100vw, 1000px\" title=\"\"><\/figure><\/a><aside class=\"stk-block-posts__meta stk-subtitle\"><span>Maria<\/span><span class=\"stk-block-posts__meta-sep\">\u00b7<\/span><time datetime=\"2024-07-17T10:15:48-04:00\">2024-07-17<\/time><\/aside><div class=\"stk-block-posts__category stk-subtitle\"><a href=\"https:\/\/explorapuntacana.com\/en\/category\/punta-cana\/\" rel=\"category tag\">Punta Cana<\/a>, <a href=\"https:\/\/explorapuntacana.com\/en\/category\/lujo-y-exclusividad\/\" rel=\"category tag\">Luxury and Exclusivity<\/a><\/div><div class=\"stk-block-posts__excerpt\">En la majestuosa costa oriental de la Rep\u00fablica Dominicana, se encuentra Marina Cap Cana, un lugar que no solo es una marina, sino un estilo de vida. Con un dise\u00f1o de \u00faltima generaci\u00f3n y una variedad de servicios y comodidades excepcionales, Marina Cap Cana se posiciona como un destino inigualable para quienes buscan aventura, lujo&#8230;<\/div><a class=\"stk-block-posts__readmore\" href=\"https:\/\/explorapuntacana.com\/en\/marina-cap-cana-para-los-amantes-del-mar\/\">Continue Reading<\/a><\/article><\/div><\/div><\/div><div class=\"stk-inner-blocks\"><\/div><\/div><\/div>","protected":false},"excerpt":{"rendered":"<p>Hoteles de Lujo en la Republica Dominicana: Joya Caribe\u00f1a Maria\u00b72024-07-18 Lujo y Exclusividad, Blog, Republica Dominicana La Rep\u00fablica Dominicana se ha consolidado como un destino tur\u00edstico de primer nivel, destac\u00e1ndose por sus playas paradis\u00edacas, rica cultura y calidez humana. Doce de sus hoteles han sido reconocidos en la gu\u00eda AAA (de la Asociaci\u00f3n Americana de [&hellip;]<\/p>\n","protected":false},"author":1,"featured_media":0,"parent":0,"menu_order":0,"comment_status":"closed","ping_status":"closed","template":"","meta":{"_uag_custom_page_level_css":"","footnotes":""},"class_list":["post-807","page","type-page","status-publish","hentry"],"blocksy_meta":[],"uagb_featured_image_src":{"full":false,"thumbnail":false,"medium":false,"medium_large":false,"large":false,"1536x1536":false,"2048x2048":false,"trp-custom-language-flag":false},"uagb_author_info":{"display_name":"Maria","author_link":"https:\/\/explorapuntacana.com\/en\/author\/explorapuntacana-com\/"},"uagb_comment_info":0,"uagb_excerpt":"Hoteles de Lujo en la Republica Dominicana: Joya Caribe\u00f1a Maria\u00b72024-07-18 Lujo y Exclusividad, Blog, Republica Dominicana La Rep\u00fablica Dominicana se ha consolidado como un destino tur\u00edstico de primer nivel, destac\u00e1ndose por sus playas paradis\u00edacas, rica cultura y calidez humana. Doce de sus hoteles han sido reconocidos en la gu\u00eda AAA (de la Asociaci\u00f3n Americana de&hellip;","_links":{"self":[{"href":"https:\/\/explorapuntacana.com\/en\/wp-json\/wp\/v2\/pages\/807","targetHints":{"allow":["GET"]}}],"collection":[{"href":"https:\/\/explorapuntacana.com\/en\/wp-json\/wp\/v2\/pages"}],"about":[{"href":"https:\/\/explorapuntacana.com\/en\/wp-json\/wp\/v2\/types\/page"}],"author":[{"embeddable":true,"href":"https:\/\/explorapuntacana.com\/en\/wp-json\/wp\/v2\/users\/1"}],"replies":[{"embeddable":true,"href":"https:\/\/explorapuntacana.com\/en\/wp-json\/wp\/v2\/comments?post=807"}],"version-history":[{"count":3,"href":"https:\/\/explorapuntacana.com\/en\/wp-json\/wp\/v2\/pages\/807\/revisions"}],"predecessor-version":[{"id":1916,"href":"https:\/\/explorapuntacana.com\/en\/wp-json\/wp\/v2\/pages\/807\/revisions\/1916"}],"wp:attachment":[{"href":"https:\/\/explorapuntacana.com\/en\/wp-json\/wp\/v2\/media?parent=807"}],"curies":[{"name":"wp","href":"https:\/\/api.w.org\/{rel}","templated":true}]}}