{"id":805,"date":"2024-04-05T17:29:53","date_gmt":"2024-04-05T21:29:53","guid":{"rendered":"https:\/\/explorapuntacana.com\/?page_id=805"},"modified":"2024-08-30T13:36:28","modified_gmt":"2024-08-30T17:36:28","slug":"alojamiento","status":"publish","type":"page","link":"https:\/\/explorapuntacana.com\/en\/alojamiento\/","title":{"rendered":"Accommodation in Punta Cana"},"content":{"rendered":"<div class=\"wp-block-stackable-columns stk-block-columns stk-block stk-6a97dbb\" data-block-id=\"6a97dbb\"><div class=\"stk-row stk-inner-blocks stk-block-content stk-content-align stk-6a97dbb-column\">\n<div class=\"wp-block-stackable-column stk-block-column stk-column stk-block stk-7cb76cb\" data-v=\"4\" data-block-id=\"7cb76cb\"><div class=\"stk-column-wrapper stk-block-column__content stk-container stk-7cb76cb-container stk--no-background stk--no-padding\"><div class=\"stk-block-content stk-inner-blocks stk-7cb76cb-inner-blocks\">\n<div class=\"wp-block-travelpayouts-shortcodes\"><script async src=\"https:\/\/tpembd.com\/content?shmarker=556683.556683&#038;type=compact&#038;host=&#038;limit=10&#038;powered_by=true&#038;nobooking=&#038;id=12086&#038;categories=pool&#038;primary=%23249382&#038;special=%23e0e0e0&#038;promo_id=4026&#038;campaign_id=101\" charset=\"utf-8\"><\/script><\/div>\n<\/div><\/div><\/div>\n<\/div><\/div>\n\n\n\n<div class=\"wp-block-travelpayouts-shortcodes\"><script async src=\"https:\/\/tpembd.com\/content?currency=usd&#038;shmarker=556683.556683&#038;locale=en&#038;powered_by=true&#038;draggable=true&#038;disable_zoom=false&#038;show_logo=false&#038;scrollwheel=true&#038;color=%23249382&#038;contrast_color=%23ffffff&#038;width=1000&#038;height=500&#038;lat=18.610033&#038;lng=-68.388411&#038;zoom=11&#038;radius=60&#038;stars=5&#038;rating_from=0&#038;rating_to=10&#038;promo_id=4285&#038;campaign_id=101\" charset=\"utf-8\"><\/script><\/div>\n\n\n\n<div class=\"wp-block-stackable-columns alignwide stk-block-columns stk-block stk-d5b221a\" data-block-id=\"d5b221a\"><style>.stk-d5b221a{padding-top:80px !important;padding-bottom:80px !important}<\/style><div class=\"stk-row stk-inner-blocks stk-block-content stk-content-align stk-d5b221a-column alignwide\">\n<div class=\"wp-block-stackable-column stk-block-column stk-column stk-block stk-b3ab302\" data-v=\"4\" data-block-id=\"b3ab302\"><div class=\"stk-column-wrapper stk-block-column__content stk-container stk-b3ab302-container stk--no-background stk--no-padding\"><div class=\"stk-block-content stk-inner-blocks stk-b3ab302-inner-blocks\">\n<div class=\"wp-block-stackable-heading stk-block-heading stk-block-heading--v2 stk-block stk-a47db3c\" id=\"alojamiento\" data-block-id=\"a47db3c\"><h2 class=\"stk-block-heading__text\">Accommodation<\/h2><\/div>\n\n\n\n<div class=\"wp-block-stackable-text stk-block-text stk-block stk-513acc1\" data-block-id=\"513acc1\"><style>.stk-513acc1{max-width:600px !important;margin-bottom:40px !important}<\/style><p class=\"stk-block-text__text\">In Punta Cana, the accommodation options are varied and cater to all tastes and budgets, ensuring a memorable experience for every visitor. From luxurious all-inclusive resorts to more economical choices, here is a brief description of the types of accommodation available<\/p><\/div>\n\n\n\n<div class=\"wp-block-stackable-columns stk-block-columns stk-block stk-8e624d8\" data-block-id=\"8e624d8\"><style>.stk-8e624d8-column{--stk-column-gap:24px !important;row-gap:24px !important}<\/style><div class=\"stk-row stk-inner-blocks stk-block-content stk-content-align stk-8e624d8-column\">\n<div class=\"wp-block-stackable-column stk-block-column stk-column stk-block stk-6196620\" data-v=\"4\" data-block-id=\"6196620\"><style>.stk-6196620-container{margin-top:0px !important;margin-right:0px !important;margin-bottom:0px !important;margin-left:0px !important}@media screen and (min-width:690px) and (max-width:999px){.stk-6196620{flex:var(--stk-flex-grow,1) 1 calc(50% - var(--stk-column-gap,0px) * 1 \/ 2 ) !important}}<\/style><div class=\"stk-column-wrapper stk-block-column__content stk-container stk-6196620-container stk--no-background stk--no-padding\"><div class=\"stk-block-content stk-inner-blocks stk-6196620-inner-blocks\">\n<div class=\"wp-block-stackable-card stk-block-card stk-block stk-ce46b30 is-style-full\" data-v=\"2\" data-block-id=\"ce46b30\"><style>.stk-ce46b30-container{box-shadow:none !important}<\/style><div class=\"stk--no-padding stk-container stk-ce46b30-container stk-hover-parent\"><figure class=\"stk-block-card__image stk-img-wrapper stk-image--shape-stretch\"><img loading=\"lazy\" decoding=\"async\" class=\"stk-img wp-image-932\" src=\"https:\/\/explorapuntacana.com\/wp-content\/uploads\/2024\/04\/Mejores-resort-todo-incluido-en-punta-cana.jpg\" width=\"212\" height=\"297\" alt=\"Mejores-resort-todo-incluido-en-punta-cana\" title=\"\"><\/figure><div class=\"stk-container-padding stk-block-card__content\"><div class=\"stk-block-content stk-inner-blocks stk-ce46b30-inner-blocks\">\n<div class=\"wp-block-stackable-subtitle stk-block-subtitle stk-block stk-1da4c1b\" data-block-id=\"1da4c1b\"><p class=\"stk-block-subtitle__text stk-subtitle has-text-align-center\">Accommodation<\/p><\/div>\n\n\n\n<div class=\"wp-block-stackable-heading stk-block-heading stk-block-heading--v2 stk-block stk-567470a\" id=\"a-href-https-explorapuntacana-com-mejores-resorts-todo-incluido-en-punta-cana-data-type-link-data-id-https-explorapuntacana-com-mejores-resorts-todo-incluido-en-punta-cana-descubre-los-mejores-resorts-todo-incluido-en-punta-cana-a\" data-block-id=\"567470a\"><h3 class=\"stk-block-heading__text\"><a href=\"https:\/\/explorapuntacana.com\/en\/mejores-resorts-todo-incluido-en-punta-cana\/\" data-type=\"link\" data-id=\"https:\/\/explorapuntacana.com\/mejores-resorts-todo-incluido-en-punta-cana\/\">Discover the Best All-Inclusive Resorts in Punta Cana<\/a><\/h3><\/div>\n\n\n\n<div class=\"wp-block-stackable-spacer stk-block-spacer stk--no-padding stk-block stk-1d8937e\" data-block-id=\"1d8937e\"><style>.stk-1d8937e{height:27px !important}<\/style><\/div>\n\n\n\n<div class=\"wp-block-stackable-subtitle stk-block-subtitle stk-block stk-9afa47d\" data-block-id=\"9afa47d\"><p class=\"stk-block-subtitle__text stk-subtitle\"><\/p><\/div>\n\n\n\n<div class=\"wp-block-stackable-button-group stk-block-button-group stk-block stk-ce31c44\" data-block-id=\"ce31c44\"><div class=\"stk-row stk-inner-blocks stk-block-content stk-button-group\">\n<div class=\"wp-block-stackable-button stk-block-button stk-block stk-644b863\" data-block-id=\"644b863\"><a class=\"stk-link stk-button stk--hover-effect-darken\" href=\"https:\/\/explorapuntacana.com\/en\/mejores-resorts-todo-incluido-en-punta-cana\/\" target=\"_blank\" rel=\"noreferrer noopener\"><span class=\"stk-button__inner-text\">Continue Reading<\/span><\/a><\/div>\n<\/div><\/div>\n<\/div><\/div><a class=\"stk-link stk-block-link stk--transparent-overlay\" href=\"https:\/\/explorapuntacana.com\/en\/mejores-resorts-todo-incluido-en-punta-cana\/\" aria-hidden=\"true\" tabindex=\"-1\"><\/a><\/div><\/div>\n<\/div><\/div><\/div>\n\n\n\n<div class=\"wp-block-stackable-column stk-block-column stk-column stk-block stk-8c414c4\" data-v=\"4\" data-block-id=\"8c414c4\"><style>.stk-8c414c4-container{margin-top:0px !important;margin-right:0px !important;margin-bottom:0px !important;margin-left:0px !important}@media screen and (min-width:690px) and (max-width:999px){.stk-8c414c4{flex:var(--stk-flex-grow,1) 1 calc(50% - var(--stk-column-gap,0px) * 1 \/ 2 ) !important}}<\/style><div class=\"stk-column-wrapper stk-block-column__content stk-container stk-8c414c4-container stk--no-background stk--no-padding\"><div class=\"stk-block-content stk-inner-blocks stk-8c414c4-inner-blocks\">\n<div class=\"wp-block-stackable-card stk-block-card stk--hide-desktop stk--hide-tablet stk--hide-mobile stk-block stk-a3bdd91 is-style-full\" data-v=\"2\" data-block-id=\"a3bdd91\"><style>.stk-a3bdd91-container{box-shadow:none !important}<\/style><div class=\"stk--no-padding stk-container stk-a3bdd91-container stk-hover-parent\"><figure class=\"stk-block-card__image stk-img-wrapper stk-image--shape-stretch\"><img loading=\"lazy\" decoding=\"async\" class=\"stk-img wp-image-1306\" src=\"https:\/\/storage.googleapis.com\/stackable-plugin-assets\/library-v3\/section-wireframes-blog-posts-4\/71e0c4bfb3a1.png\" width=\"500\" height=\"600\" alt=\"\" title=\"\"><\/figure><div class=\"stk-container-padding stk-block-card__content\"><div class=\"stk-block-content stk-inner-blocks stk-a3bdd91-inner-blocks\">\n<div class=\"wp-block-stackable-subtitle stk-block-subtitle stk-block stk-eca1d11\" data-block-id=\"eca1d11\"><p class=\"stk-block-subtitle__text stk-subtitle\">Category<\/p><\/div>\n\n\n\n<div class=\"wp-block-stackable-heading stk-block-heading stk-block-heading--v2 stk-block stk-e3df6b6\" id=\"blog-post-2\" data-block-id=\"e3df6b6\"><h3 class=\"stk-block-heading__text\">Blog Post 2<\/h3><\/div>\n\n\n\n<div class=\"wp-block-stackable-spacer stk-block-spacer stk--no-padding stk-block stk-ecf8cfb\" data-block-id=\"ecf8cfb\"><style>.stk-ecf8cfb{height:64px !important}<\/style><\/div>\n\n\n\n<div class=\"wp-block-stackable-subtitle stk-block-subtitle stk-block stk-7bf2c77\" data-block-id=\"7bf2c77\"><p class=\"stk-block-subtitle__text stk-subtitle\">Date published<\/p><\/div>\n<\/div><\/div><\/div><\/div>\n<\/div><\/div><\/div>\n\n\n\n<div class=\"wp-block-stackable-column stk-block-column stk-column stk-block stk-c19bd31\" data-v=\"4\" data-block-id=\"c19bd31\"><style>.stk-c19bd31-container{margin-top:0px !important;margin-right:0px !important;margin-bottom:0px !important;margin-left:0px !important}@media screen and (min-width:690px) and (max-width:999px){.stk-c19bd31{flex:var(--stk-flex-grow,1) 1 calc(50% - var(--stk-column-gap,0px) * 1 \/ 2 ) !important}}<\/style><div class=\"stk-column-wrapper stk-block-column__content stk-container stk-c19bd31-container stk--no-background stk--no-padding\"><div class=\"stk-block-content stk-inner-blocks stk-c19bd31-inner-blocks\">\n<div class=\"wp-block-stackable-card stk-block-card stk--hide-desktop stk--hide-tablet stk--hide-mobile stk-block stk-5e07dfc is-style-full\" data-v=\"2\" data-block-id=\"5e07dfc\"><style>.stk-5e07dfc-container{box-shadow:none !important}<\/style><div class=\"stk--no-padding stk-container stk-5e07dfc-container stk-hover-parent\"><figure class=\"stk-block-card__image stk-img-wrapper stk-image--shape-stretch\"><img loading=\"lazy\" decoding=\"async\" class=\"stk-img wp-image-1306\" src=\"https:\/\/storage.googleapis.com\/stackable-plugin-assets\/library-v3\/section-wireframes-blog-posts-4\/71e0c4bfb3a1.png\" width=\"500\" height=\"600\" alt=\"\" title=\"\"><\/figure><div class=\"stk-container-padding stk-block-card__content\"><div class=\"stk-block-content stk-inner-blocks stk-5e07dfc-inner-blocks\">\n<div class=\"wp-block-stackable-subtitle stk-block-subtitle stk-block stk-0f26d0e\" data-block-id=\"0f26d0e\"><p class=\"stk-block-subtitle__text stk-subtitle\">Category<\/p><\/div>\n\n\n\n<div class=\"wp-block-stackable-heading stk-block-heading stk-block-heading--v2 stk-block stk-790d52a\" id=\"blog-post-3\" data-block-id=\"790d52a\"><h3 class=\"stk-block-heading__text\">Blog Post 3<\/h3><\/div>\n\n\n\n<div class=\"wp-block-stackable-spacer stk-block-spacer stk--no-padding stk-block stk-7086493\" data-block-id=\"7086493\"><style>.stk-7086493{height:64px !important}<\/style><\/div>\n\n\n\n<div class=\"wp-block-stackable-subtitle stk-block-subtitle stk-block stk-f1ed2bf\" data-block-id=\"f1ed2bf\"><p class=\"stk-block-subtitle__text stk-subtitle\">Date published<\/p><\/div>\n<\/div><\/div><\/div><\/div>\n<\/div><\/div><\/div>\n<\/div><\/div>\n<\/div><\/div><\/div>\n<\/div><\/div>","protected":false},"excerpt":{"rendered":"<p>Alojamiento En Punta Cana, la oferta de alojamiento es variada y adaptada a todos los gustos y presupuestos, garantizando una experiencia memorable para cada visitante. Desde lujosos resorts todo incluido hasta opciones m\u00e1s econ\u00f3micas, aqu\u00ed hay una breve descripci\u00f3n de los tipos de alojamiento disponibles. Alojamiento Descubre los Mejores Resorts Todo Incluido en Punta Cana [&hellip;]<\/p>\n","protected":false},"author":1,"featured_media":935,"parent":0,"menu_order":0,"comment_status":"closed","ping_status":"closed","template":"","meta":{"_uag_custom_page_level_css":"","footnotes":""},"class_list":["post-805","page","type-page","status-publish","has-post-thumbnail","hentry"],"blocksy_meta":[],"uagb_featured_image_src":{"full":["https:\/\/explorapuntacana.com\/wp-content\/uploads\/2024\/04\/Alojamiento-en-Bavaro-punta-cana.jpg",1000,526,false],"thumbnail":["https:\/\/explorapuntacana.com\/wp-content\/uploads\/2024\/04\/Alojamiento-en-Bavaro-punta-cana-150x150.jpg",150,150,true],"medium":["https:\/\/explorapuntacana.com\/wp-content\/uploads\/2024\/04\/Alojamiento-en-Bavaro-punta-cana-300x158.jpg",300,158,true],"medium_large":["https:\/\/explorapuntacana.com\/wp-content\/uploads\/2024\/04\/Alojamiento-en-Bavaro-punta-cana-768x404.jpg",768,404,true],"large":["https:\/\/explorapuntacana.com\/wp-content\/uploads\/2024\/04\/Alojamiento-en-Bavaro-punta-cana.jpg",1000,526,false],"1536x1536":["https:\/\/explorapuntacana.com\/wp-content\/uploads\/2024\/04\/Alojamiento-en-Bavaro-punta-cana.jpg",1000,526,false],"2048x2048":["https:\/\/explorapuntacana.com\/wp-content\/uploads\/2024\/04\/Alojamiento-en-Bavaro-punta-cana.jpg",1000,526,false],"trp-custom-language-flag":["https:\/\/explorapuntacana.com\/wp-content\/uploads\/2024\/04\/Alojamiento-en-Bavaro-punta-cana.jpg",18,9,false]},"uagb_author_info":{"display_name":"Maria","author_link":"https:\/\/explorapuntacana.com\/en\/author\/explorapuntacana-com\/"},"uagb_comment_info":0,"uagb_excerpt":"Alojamiento En Punta Cana, la oferta de alojamiento es variada y adaptada a todos los gustos y presupuestos, garantizando una experiencia memorable para cada visitante. Desde lujosos resorts todo incluido hasta opciones m\u00e1s econ\u00f3micas, aqu\u00ed hay una breve descripci\u00f3n de los tipos de alojamiento disponibles. Alojamiento Descubre los Mejores Resorts Todo Incluido en Punta Cana&hellip;","_links":{"self":[{"href":"https:\/\/explorapuntacana.com\/en\/wp-json\/wp\/v2\/pages\/805","targetHints":{"allow":["GET"]}}],"collection":[{"href":"https:\/\/explorapuntacana.com\/en\/wp-json\/wp\/v2\/pages"}],"about":[{"href":"https:\/\/explorapuntacana.com\/en\/wp-json\/wp\/v2\/types\/page"}],"author":[{"embeddable":true,"href":"https:\/\/explorapuntacana.com\/en\/wp-json\/wp\/v2\/users\/1"}],"replies":[{"embeddable":true,"href":"https:\/\/explorapuntacana.com\/en\/wp-json\/wp\/v2\/comments?post=805"}],"version-history":[{"count":8,"href":"https:\/\/explorapuntacana.com\/en\/wp-json\/wp\/v2\/pages\/805\/revisions"}],"predecessor-version":[{"id":1958,"href":"https:\/\/explorapuntacana.com\/en\/wp-json\/wp\/v2\/pages\/805\/revisions\/1958"}],"wp:featuredmedia":[{"embeddable":true,"href":"https:\/\/explorapuntacana.com\/en\/wp-json\/wp\/v2\/media\/935"}],"wp:attachment":[{"href":"https:\/\/explorapuntacana.com\/en\/wp-json\/wp\/v2\/media?parent=805"}],"curies":[{"name":"wp","href":"https:\/\/api.w.org\/{rel}","templated":true}]}}