{"id":802,"date":"2024-04-05T17:25:12","date_gmt":"2024-04-05T21:25:12","guid":{"rendered":"https:\/\/explorapuntacana.com\/?page_id=802"},"modified":"2024-04-18T13:52:01","modified_gmt":"2024-04-18T17:52:01","slug":"gastronomia-y-vida-nocturna-punta-cana","status":"publish","type":"page","link":"https:\/\/explorapuntacana.com\/en\/gastronomia-y-vida-nocturna-punta-cana\/","title":{"rendered":"Punta Cana Cuisine and Nightlife"},"content":{"rendered":"<div class=\"wp-block-stackable-columns alignwide stk-block-columns stk-block stk-51b9fee\" data-block-id=\"51b9fee\"><div class=\"stk-row stk-inner-blocks stk-block-content stk-content-align stk-51b9fee-column alignwide\">\n<div class=\"wp-block-stackable-column stk-block-column stk-column stk-block stk-a706512\" data-v=\"4\" data-block-id=\"a706512\"><div class=\"stk-column-wrapper stk-block-column__content stk-container stk-a706512-container stk--no-background stk--no-padding\"><div class=\"stk-block-content stk-inner-blocks stk-a706512-inner-blocks\">\n<div class=\"wp-block-stackable-card stk-block-card stk-block stk-34f7893 is-style-default\" data-v=\"2\" data-block-id=\"34f7893\"><style>.stk-34f7893-container{box-shadow:0 0 0 2px #7878781a !important}<\/style><div class=\"stk--no-padding stk-container stk-34f7893-container stk-hover-parent\"><figure class=\"stk-block-card__image stk-img-wrapper stk-image--shape-stretch\"><img loading=\"lazy\" decoding=\"async\" class=\"stk-img wp-image-1047\" src=\"https:\/\/explorapuntacana.com\/wp-content\/uploads\/2024\/04\/Vida-nocturna-en-punta-cana.jpg\" width=\"439\" height=\"300\" alt=\"salir-de-noche-en-punta-cana\" title=\"\" srcset=\"https:\/\/explorapuntacana.com\/wp-content\/uploads\/2024\/04\/Vida-nocturna-en-punta-cana.jpg 439w, https:\/\/explorapuntacana.com\/wp-content\/uploads\/2024\/04\/Vida-nocturna-en-punta-cana-300x205.jpg 300w\" sizes=\"auto, (max-width: 439px) 100vw, 439px\" \/><\/figure><div class=\"stk-container-padding stk-block-card__content\"><div class=\"stk-block-content stk-inner-blocks has-text-align-center stk-34f7893-inner-blocks\">\n<div class=\"wp-block-stackable-heading stk-block-heading stk-block-heading--v2 stk-block stk-a9c4d2e\" id=\"strong-explorando-la-vida-nocturna-de-punta-cana-strong\" data-block-id=\"a9c4d2e\"><style>.stk-a9c4d2e .stk-block-heading__text{font-size:32px !important;font-family:\"Lato\",Sans-serif !important}@media screen and (max-width:999px){.stk-a9c4d2e .stk-block-heading__text{font-size:32px !important}}<\/style><h2 class=\"stk-block-heading__text\"><strong>Discover the vibrant nightlife of Punta Cana<\/strong><\/h2><\/div>\n\n\n\n<div class=\"wp-block-stackable-text stk-block-text stk-block stk-8f38879\" data-block-id=\"8f38879\"><p class=\"stk-block-text__text\">Discover the vibrant nightlife of Punta Cana, a destination that goes beyond its paradisiacal beaches. From the iconic Coco Bongo with its high-caliber shows to the mystique of Imagine in natural caves, we explore the best places that make the night in Punta Cana an unforgettable experience for all tastes. Dive into a nighttime adventure where every detail is designed for your entertainment and enjoyment.<\/p><\/div>\n\n\n\n<div class=\"wp-block-stackable-button-group stk-block-button-group stk-block stk-c64975f\" data-block-id=\"c64975f\"><div class=\"stk-row stk-inner-blocks stk-block-content stk-button-group\">\n<div class=\"wp-block-stackable-button stk-block-button stk-block stk-870977d\" data-block-id=\"870977d\"><style>.stk-870977d:hover{opacity:0.8 !important}.stk-870977d .stk-button{padding-right:24px !important;padding-left:24px !important;background:var(--theme-palette-color-1,#249382) !important;border-top-left-radius:11px !important;border-top-right-radius:11px !important;border-bottom-right-radius:11px !important;border-bottom-left-radius:11px !important}.stk-870977d .stk-button__inner-text{color:var(--theme-palette-color-8,#ffffff) !important}<\/style><a class=\"stk-link stk-button stk--hover-effect-darken\" href=\"https:\/\/explorapuntacana.com\/en\/explorando-la-vida-nocturna-de-punta-cana\/\"><span class=\"has-text-color has-black-color stk-button__inner-text\">Continue Reading<\/span><\/a><\/div>\n<\/div><\/div>\n<\/div><\/div><\/div><\/div>\n<\/div><\/div><\/div>\n\n\n\n<div class=\"wp-block-stackable-column stk-block-column stk-column stk-block stk-f1b7f6d\" data-v=\"4\" data-block-id=\"f1b7f6d\"><div class=\"stk-column-wrapper stk-block-column__content stk-container stk-f1b7f6d-container stk--no-background stk--no-padding\"><div class=\"stk-block-content stk-inner-blocks stk-f1b7f6d-inner-blocks\">\n<div class=\"wp-block-stackable-card stk-block-card stk-block stk-344a346 is-style-default\" data-v=\"2\" data-block-id=\"344a346\"><style>.stk-344a346-container{box-shadow:0 0 0 2px #7878781a !important}<\/style><div class=\"stk--no-padding stk-container stk-344a346-container stk-hover-parent\"><figure class=\"stk-block-card__image stk-img-wrapper stk-image--shape-stretch\"><img loading=\"lazy\" decoding=\"async\" class=\"stk-img wp-image-1051\" src=\"https:\/\/explorapuntacana.com\/wp-content\/uploads\/2024\/04\/Oferta-gastronomica-punta-cana.jpg\" width=\"439\" height=\"300\" alt=\"oferta-gastronomica-en-punta-cana\" title=\"\" srcset=\"https:\/\/explorapuntacana.com\/wp-content\/uploads\/2024\/04\/Oferta-gastronomica-punta-cana.jpg 439w, https:\/\/explorapuntacana.com\/wp-content\/uploads\/2024\/04\/Oferta-gastronomica-punta-cana-300x205.jpg 300w\" sizes=\"auto, (max-width: 439px) 100vw, 439px\" \/><\/figure><div class=\"stk-container-padding stk-block-card__content\"><div class=\"stk-block-content stk-inner-blocks has-text-align-center stk-344a346-inner-blocks\">\n<div class=\"wp-block-stackable-heading stk-block-heading stk-block-heading--v2 stk-block stk-0723a98\" id=\"strong-descubre-los-restaurantes-en-punta-cana-una-guia-gastronomica-esencial-strong\" data-block-id=\"0723a98\"><style>.stk-0723a98 .stk-block-heading__text{font-size:32px !important;font-family:\"Lato\",Sans-serif !important}@media screen and (max-width:999px){.stk-0723a98 .stk-block-heading__text{font-size:32px !important}}<\/style><h2 class=\"stk-block-heading__text\"><strong>Discover the Restaurants in Punta Cana: An Essential Culinary Guide<\/strong><\/h2><\/div>\n\n\n\n<div class=\"wp-block-stackable-text stk-block-text stk-block stk-5b64787\" data-block-id=\"5b64787\"><p class=\"stk-block-text__text\">Explore the unique flavors of Punta Cana in our guide to standout restaurants. Each restaurant, selected for its excellence and unique atmosphere, promises to satisfy all palates and enrich your stay in Punta Cana.<\/p><\/div>\n\n\n\n<div class=\"wp-block-stackable-button-group stk-block-button-group stk-block stk-4a6f603\" data-block-id=\"4a6f603\"><div class=\"stk-row stk-inner-blocks stk-block-content stk-button-group\">\n<div class=\"wp-block-stackable-button stk-block-button stk-block stk-bc9f805\" data-block-id=\"bc9f805\"><style>.stk-bc9f805:hover{opacity:0.8 !important}.stk-bc9f805 .stk-button{padding-right:24px !important;padding-left:24px !important;background:var(--theme-palette-color-1,#249382) !important;border-top-left-radius:10px !important;border-top-right-radius:10px !important;border-bottom-right-radius:10px !important;border-bottom-left-radius:10px !important}.stk-bc9f805 .stk-button__inner-text{color:var(--theme-palette-color-7,#ffffff) !important}<\/style><a class=\"stk-link stk-button stk--hover-effect-darken\" href=\"https:\/\/explorapuntacana.com\/en\/?p=1053\"><span class=\"has-text-color has-black-color stk-button__inner-text\">Continue Reading<\/span><\/a><\/div>\n<\/div><\/div>\n<\/div><\/div><\/div><\/div>\n<\/div><\/div><\/div>\n<\/div><\/div>","protected":false},"excerpt":{"rendered":"<p>Explorando la Vida Nocturna de Punta Cana Descubre la vibrante vida nocturna de Punta Cana, un destino que va m\u00e1s all\u00e1 de sus paradis\u00edacas playas. Desde el ic\u00f3nico Coco Bongo con sus espect\u00e1culos de alto calibre hasta la m\u00edstica de Imagine en cuevas naturales, exploramos los mejores lugares que hacen de la noche en Punta [&hellip;]<\/p>\n","protected":false},"author":1,"featured_media":829,"parent":0,"menu_order":0,"comment_status":"closed","ping_status":"closed","template":"","meta":{"_uag_custom_page_level_css":"","footnotes":""},"class_list":["post-802","page","type-page","status-publish","has-post-thumbnail","hentry"],"blocksy_meta":[],"uagb_featured_image_src":{"full":["https:\/\/explorapuntacana.com\/wp-content\/uploads\/2020\/04\/excusriones-en-catamaran-a-islas.jpg",289,424,false],"thumbnail":["https:\/\/explorapuntacana.com\/wp-content\/uploads\/2020\/04\/excusriones-en-catamaran-a-islas-150x150.jpg",150,150,true],"medium":["https:\/\/explorapuntacana.com\/wp-content\/uploads\/2020\/04\/excusriones-en-catamaran-a-islas-204x300.jpg",204,300,true],"medium_large":["https:\/\/explorapuntacana.com\/wp-content\/uploads\/2020\/04\/excusriones-en-catamaran-a-islas.jpg",289,424,false],"large":["https:\/\/explorapuntacana.com\/wp-content\/uploads\/2020\/04\/excusriones-en-catamaran-a-islas.jpg",289,424,false],"1536x1536":["https:\/\/explorapuntacana.com\/wp-content\/uploads\/2020\/04\/excusriones-en-catamaran-a-islas.jpg",289,424,false],"2048x2048":["https:\/\/explorapuntacana.com\/wp-content\/uploads\/2020\/04\/excusriones-en-catamaran-a-islas.jpg",289,424,false],"trp-custom-language-flag":["https:\/\/explorapuntacana.com\/wp-content\/uploads\/2020\/04\/excusriones-en-catamaran-a-islas.jpg",8,12,false]},"uagb_author_info":{"display_name":"Maria","author_link":"https:\/\/explorapuntacana.com\/en\/author\/explorapuntacana-com\/"},"uagb_comment_info":0,"uagb_excerpt":"Explorando la Vida Nocturna de Punta Cana Descubre la vibrante vida nocturna de Punta Cana, un destino que va m\u00e1s all\u00e1 de sus paradis\u00edacas playas. Desde el ic\u00f3nico Coco Bongo con sus espect\u00e1culos de alto calibre hasta la m\u00edstica de Imagine en cuevas naturales, exploramos los mejores lugares que hacen de la noche en Punta&hellip;","_links":{"self":[{"href":"https:\/\/explorapuntacana.com\/en\/wp-json\/wp\/v2\/pages\/802","targetHints":{"allow":["GET"]}}],"collection":[{"href":"https:\/\/explorapuntacana.com\/en\/wp-json\/wp\/v2\/pages"}],"about":[{"href":"https:\/\/explorapuntacana.com\/en\/wp-json\/wp\/v2\/types\/page"}],"author":[{"embeddable":true,"href":"https:\/\/explorapuntacana.com\/en\/wp-json\/wp\/v2\/users\/1"}],"replies":[{"embeddable":true,"href":"https:\/\/explorapuntacana.com\/en\/wp-json\/wp\/v2\/comments?post=802"}],"version-history":[{"count":8,"href":"https:\/\/explorapuntacana.com\/en\/wp-json\/wp\/v2\/pages\/802\/revisions"}],"predecessor-version":[{"id":1072,"href":"https:\/\/explorapuntacana.com\/en\/wp-json\/wp\/v2\/pages\/802\/revisions\/1072"}],"wp:featuredmedia":[{"embeddable":true,"href":"https:\/\/explorapuntacana.com\/en\/wp-json\/wp\/v2\/media\/829"}],"wp:attachment":[{"href":"https:\/\/explorapuntacana.com\/en\/wp-json\/wp\/v2\/media?parent=802"}],"curies":[{"name":"wp","href":"https:\/\/api.w.org\/{rel}","templated":true}]}}